{"id":61,"date":"2022-08-03T12:32:41","date_gmt":"2022-08-03T12:32:41","guid":{"rendered":"https:\/\/viveromunicipal.sma.gob.ar\/?page_id=61"},"modified":"2023-09-28T11:39:28","modified_gmt":"2023-09-28T14:39:28","slug":"objetivos","status":"publish","type":"page","link":"https:\/\/viveromunicipal.sma.gob.ar\/?page_id=61","title":{"rendered":"Objetivos"},"content":{"rendered":"\n<p><\/p>\n\n\n\n<p>La Unidad Agroecol\u00f3gica Municipal Abono Compuesto, tiene como principal ejercicio, acercar las herramientas b\u00e1sicas del conocimiento para compartir con la sociedad en general, revalorizando la Agricultura Familiar y los saberes previos presentes en la comunidad.<\/p>\n\n\n\n<p>El vivero Abono Compuesto es un espacio educativo, t\u00e9cnico, inclusivo y recreativo&nbsp; que busca transmitir a la comunidad los conocimientos necesarios para poder llevar a cabo la construcci\u00f3n de su propio espacio de producci\u00f3n primaria de hortalizas.&nbsp;<\/p>\n\n\n\n<p>Desde el sector del vivero se viene trabajando con productores locales hace m\u00e1s de 4 a\u00f1os. Durante este periodo se han acompa\u00f1ado a las familias de la regi\u00f3n, instituciones educativas, comedores comunitarios y centros de desarrollo Infantil, dedicados a la producci\u00f3n primaria de hortalizas org\u00e1nicas, lo que ha permitido realizar m\u00e1s de 80 entregas de agropol con un total de 900 mts, adem\u00e1s de 500 mts de cinta de riego por goteo, optimizando el uso de agua para riego y m\u00e1s de 70 mts de tela antihelada colaborando con la protecci\u00f3n de cultivos bajo cubierta, ampliando los periodos de rendimiento y calendario productivo.<\/p>\n\n\n\n<p>Se trabaja con la producci\u00f3n de hortalizas durante todas las estaciones del a\u00f1o, produce, almacena y ofrece de manera gratuita sus propias semillas, adaptando variedades y su gen\u00e9tica a las condiciones clim\u00e1ticas de la regi\u00f3n. Es un punto de encuentro, de vecinos en general y de asistencia t\u00e9cnica a productores\u00a0<\/p>\n\n\n\n<p><\/p>\n\n\n\n<p><strong><em>FONDO DE DIVERSIFICACI\u00d3N PRODUCTIVA:<\/em><\/strong><\/p>\n\n\n\n<p>Cuando hablamos de Fondo de Diversificaci\u00f3n Productiva,&nbsp; nos referimos a un instrumento de gesti\u00f3n de recursos para organizaciones que cuentan con reducidas posibilidades de acceso a financiamiento. Un FDP funciona b\u00e1sicamente como una \u201ccaja de recursos\u201d que gestiona una organizaci\u00f3n y que \u201ccirculan\u201d, o \u201crotan\u201d, entre ella y los beneficiarios en forma de cr\u00e9ditos. Estos cr\u00e9ditos, tanto en dinero como en productos o insumos, se destinan principalmente a financiar las actividades productivas de los miembros de la organizaci\u00f3n. Cuando ellos devuelven los cr\u00e9ditos, los recursos regresan al fondo para poder volver a prestarse a otros miembros del grupo. La garant\u00eda de los cr\u00e9ditos que otorga el FDP, a diferencia del cr\u00e9dito bancario habitual, est\u00e1 basada en la solidaridad y el compromiso de los integrantes de la organizaci\u00f3n.<\/p>\n\n\n\n<p>&nbsp;\u00bfA qui\u00e9nes est\u00e1 orientado?<\/p>\n\n\n\n<p>&nbsp;Est\u00e1n orientados a organizaciones de peque\u00f1os productores con capacidad para desarrollar proyectos en conjunto o todos aquellos que deseen dar inicio a la producci\u00f3n primaria de hortalizas.<\/p>\n\n\n\n<p>\u00bfPara qu\u00e9 sirve?<\/p>\n\n\n\n<p>&nbsp;Los recursos que conforman un FDP permiten financiar las actividades individuales de los productores a la vez que contribuyen a fomentar, o reforzar, los proyectos conjuntos de una organizaci\u00f3n tales como la adquisici\u00f3n de insumos, la comercializaci\u00f3n y\/o el agregado de valor. El FDP debe servir para que los productores puedan desarrollar negocios asociativos que les permitan mejorar su posici\u00f3n en la cadena de valor, y as\u00ed puedan aumentar la rentabilidad de sus actividades productivas, no s\u00f3lo a corto plazo sino de manera sostenible en el tiempo.&nbsp;<\/p>\n\n\n\n<p>\u00bfCu\u00e1les son sus caracter\u00edsticas?<\/p>\n\n\n\n<p>&nbsp;Una caracter\u00edstica de los FDP es la autogesti\u00f3n, es decir que la Organizaci\u00f3n toma todas las decisiones respecto al fondo y lo gestiona operativamente: dise\u00f1a las l\u00edneas de cr\u00e9dito, aprueba los cr\u00e9ditos, los recupera y lleva la administraci\u00f3n del fondo. Los recursos que conforman el fondo suelen ser cedidos por un Organismo P\u00fablico pero tambi\u00e9n hay casos en que son aportados por los mismos beneficiarios como alternativa de ahorro. En este caso el FDP debe generar un excedente para retribuir a quienes aportaron recursos.<\/p>\n","protected":false},"excerpt":{"rendered":"<p>La Unidad Agroecol\u00f3gica Municipal Abono Compuesto, tiene como principal ejercicio, acercar las herramientas b\u00e1sicas del conocimiento para compartir con la sociedad en general, revalorizando la Agricultura Familiar y los saberes previos presentes en la comunidad. El vivero Abono Compuesto es un espacio educativo, t\u00e9cnico, inclusivo y recreativo&nbsp; que busca transmitir [&hellip;]<\/p>\n","protected":false},"author":1,"featured_media":0,"parent":102,"menu_order":3,"comment_status":"closed","ping_status":"closed","template":"","meta":{"footnotes":""},"class_list":["post-61","page","type-page","status-publish","hentry"],"_links":{"self":[{"href":"https:\/\/viveromunicipal.sma.gob.ar\/index.php?rest_route=\/wp\/v2\/pages\/61","targetHints":{"allow":["GET"]}}],"collection":[{"href":"https:\/\/viveromunicipal.sma.gob.ar\/index.php?rest_route=\/wp\/v2\/pages"}],"about":[{"href":"https:\/\/viveromunicipal.sma.gob.ar\/index.php?rest_route=\/wp\/v2\/types\/page"}],"author":[{"embeddable":true,"href":"https:\/\/viveromunicipal.sma.gob.ar\/index.php?rest_route=\/wp\/v2\/users\/1"}],"replies":[{"embeddable":true,"href":"https:\/\/viveromunicipal.sma.gob.ar\/index.php?rest_route=%2Fwp%2Fv2%2Fcomments&post=61"}],"version-history":[{"count":5,"href":"https:\/\/viveromunicipal.sma.gob.ar\/index.php?rest_route=\/wp\/v2\/pages\/61\/revisions"}],"predecessor-version":[{"id":372,"href":"https:\/\/viveromunicipal.sma.gob.ar\/index.php?rest_route=\/wp\/v2\/pages\/61\/revisions\/372"}],"up":[{"embeddable":true,"href":"https:\/\/viveromunicipal.sma.gob.ar\/index.php?rest_route=\/wp\/v2\/pages\/102"}],"wp:attachment":[{"href":"https:\/\/viveromunicipal.sma.gob.ar\/index.php?rest_route=%2Fwp%2Fv2%2Fmedia&parent=61"}],"curies":[{"name":"wp","href":"https:\/\/api.w.org\/{rel}","templated":true}]}}