{"id":60,"date":"2022-08-03T12:32:41","date_gmt":"2022-08-03T12:32:41","guid":{"rendered":"https:\/\/viveromunicipal.sma.gob.ar\/?page_id=60"},"modified":"2022-08-10T09:36:43","modified_gmt":"2022-08-10T12:36:43","slug":"el-vivero","status":"publish","type":"page","link":"https:\/\/viveromunicipal.sma.gob.ar\/?page_id=60","title":{"rendered":""},"content":{"rendered":"<div class=\"wp-block-image\">\n<figure class=\"aligncenter size-large is-resized\"><img loading=\"lazy\" decoding=\"async\" src=\"https:\/\/viveromunicipal.sma.gob.ar\/wp-content\/uploads\/2022\/08\/Sin-titulo-1-1-1024x167.png\" alt=\"\" class=\"wp-image-263\" width=\"265\" height=\"43\" srcset=\"https:\/\/viveromunicipal.sma.gob.ar\/wp-content\/uploads\/2022\/08\/Sin-titulo-1-1-1024x167.png 1024w, https:\/\/viveromunicipal.sma.gob.ar\/wp-content\/uploads\/2022\/08\/Sin-titulo-1-1-300x49.png 300w, https:\/\/viveromunicipal.sma.gob.ar\/wp-content\/uploads\/2022\/08\/Sin-titulo-1-1-768x126.png 768w, https:\/\/viveromunicipal.sma.gob.ar\/wp-content\/uploads\/2022\/08\/Sin-titulo-1-1-1536x251.png 1536w, https:\/\/viveromunicipal.sma.gob.ar\/wp-content\/uploads\/2022\/08\/Sin-titulo-1-1-2048x335.png 2048w\" sizes=\"auto, (max-width: 265px) 100vw, 265px\" \/><\/figure>\n<\/div>\n\n\n<p>El vivero Abono Compuesto es un <strong>espacio educativo pr\u00e1ctico, inclusivo, recreativo y t\u00e9cnico<\/strong> que busca transmitir a la comunidad los conocimientos necesarios para poder llevar a cabo la construcci\u00f3n de su propio espacio de producci\u00f3n primaria de hortalizas org\u00e1nicas.<\/p>\n\n\n\n<div style=\"height:24px\" aria-hidden=\"true\" class=\"wp-block-spacer\"><\/div>\n\n\n\n<figure class=\"wp-block-gallery has-nested-images columns-5 is-cropped wp-block-gallery-1 is-layout-flex wp-block-gallery-is-layout-flex\">\n<figure class=\"wp-block-image size-full is-style-default\"><a href=\"https:\/\/viveromunicipal.sma.gob.ar\/?page_id=221\"><img loading=\"lazy\" decoding=\"async\" width=\"686\" height=\"644\" data-id=\"232\" src=\"https:\/\/viveromunicipal.sma.gob.ar\/wp-content\/uploads\/2022\/08\/IMG_20190914_102230814.jpg\" alt=\"\" class=\"wp-image-232\" srcset=\"https:\/\/viveromunicipal.sma.gob.ar\/wp-content\/uploads\/2022\/08\/IMG_20190914_102230814.jpg 686w, https:\/\/viveromunicipal.sma.gob.ar\/wp-content\/uploads\/2022\/08\/IMG_20190914_102230814-300x282.jpg 300w\" sizes=\"auto, (max-width: 686px) 100vw, 686px\" \/><\/a><figcaption><img loading=\"lazy\" decoding=\"async\" width=\"100\" height=\"19\" class=\"wp-image-278\" style=\"width: 100px;\" src=\"https:\/\/viveromunicipal.sma.gob.ar\/wp-content\/uploads\/2022\/08\/Talleres.png\" alt=\"\" srcset=\"https:\/\/viveromunicipal.sma.gob.ar\/wp-content\/uploads\/2022\/08\/Talleres.png 3114w, https:\/\/viveromunicipal.sma.gob.ar\/wp-content\/uploads\/2022\/08\/Talleres-300x58.png 300w, https:\/\/viveromunicipal.sma.gob.ar\/wp-content\/uploads\/2022\/08\/Talleres-1024x197.png 1024w, https:\/\/viveromunicipal.sma.gob.ar\/wp-content\/uploads\/2022\/08\/Talleres-768x148.png 768w, https:\/\/viveromunicipal.sma.gob.ar\/wp-content\/uploads\/2022\/08\/Talleres-1536x295.png 1536w, https:\/\/viveromunicipal.sma.gob.ar\/wp-content\/uploads\/2022\/08\/Talleres-2048x394.png 2048w\" sizes=\"auto, (max-width: 100px) 100vw, 100px\" \/><\/figcaption><\/figure>\n\n\n\n<figure class=\"wp-block-image size-large is-style-default\"><a href=\"https:\/\/viveromunicipal.sma.gob.ar\/?page_id=223\"><img loading=\"lazy\" decoding=\"async\" width=\"576\" height=\"1024\" data-id=\"231\" src=\"https:\/\/viveromunicipal.sma.gob.ar\/wp-content\/uploads\/2022\/08\/WhatsApp-Image-2021-08-25-at-09.45.16-576x1024.jpeg\" alt=\"\" class=\"wp-image-231\" srcset=\"https:\/\/viveromunicipal.sma.gob.ar\/wp-content\/uploads\/2022\/08\/WhatsApp-Image-2021-08-25-at-09.45.16-576x1024.jpeg 576w, https:\/\/viveromunicipal.sma.gob.ar\/wp-content\/uploads\/2022\/08\/WhatsApp-Image-2021-08-25-at-09.45.16-169x300.jpeg 169w, https:\/\/viveromunicipal.sma.gob.ar\/wp-content\/uploads\/2022\/08\/WhatsApp-Image-2021-08-25-at-09.45.16.jpeg 581w\" sizes=\"auto, (max-width: 576px) 100vw, 576px\" \/><\/a><figcaption><img loading=\"lazy\" decoding=\"async\" width=\"150\" height=\"12\" class=\"wp-image-277\" style=\"width: 150px;\" src=\"https:\/\/viveromunicipal.sma.gob.ar\/wp-content\/uploads\/2022\/08\/Banco.png\" alt=\"\" srcset=\"https:\/\/viveromunicipal.sma.gob.ar\/wp-content\/uploads\/2022\/08\/Banco.png 3793w, https:\/\/viveromunicipal.sma.gob.ar\/wp-content\/uploads\/2022\/08\/Banco-300x24.png 300w, https:\/\/viveromunicipal.sma.gob.ar\/wp-content\/uploads\/2022\/08\/Banco-1024x82.png 1024w, https:\/\/viveromunicipal.sma.gob.ar\/wp-content\/uploads\/2022\/08\/Banco-768x62.png 768w, https:\/\/viveromunicipal.sma.gob.ar\/wp-content\/uploads\/2022\/08\/Banco-1536x123.png 1536w, https:\/\/viveromunicipal.sma.gob.ar\/wp-content\/uploads\/2022\/08\/Banco-2048x164.png 2048w\" sizes=\"auto, (max-width: 150px) 100vw, 150px\" \/><\/figcaption><\/figure>\n\n\n\n<figure class=\"wp-block-image size-full is-style-default\"><a href=\"https:\/\/viveromunicipal.sma.gob.ar\/?page_id=225\"><img loading=\"lazy\" decoding=\"async\" width=\"483\" height=\"644\" data-id=\"234\" src=\"https:\/\/viveromunicipal.sma.gob.ar\/wp-content\/uploads\/2022\/08\/IMG_20190603_124729326.jpg\" alt=\"\" class=\"wp-image-234\" srcset=\"https:\/\/viveromunicipal.sma.gob.ar\/wp-content\/uploads\/2022\/08\/IMG_20190603_124729326.jpg 483w, https:\/\/viveromunicipal.sma.gob.ar\/wp-content\/uploads\/2022\/08\/IMG_20190603_124729326-225x300.jpg 225w\" sizes=\"auto, (max-width: 483px) 100vw, 483px\" \/><\/a><figcaption><img loading=\"lazy\" decoding=\"async\" width=\"150\" height=\"24\" class=\"wp-image-276\" style=\"width: 150px;\" src=\"https:\/\/viveromunicipal.sma.gob.ar\/wp-content\/uploads\/2022\/08\/Compostaje.png\" alt=\"\" srcset=\"https:\/\/viveromunicipal.sma.gob.ar\/wp-content\/uploads\/2022\/08\/Compostaje.png 2392w, https:\/\/viveromunicipal.sma.gob.ar\/wp-content\/uploads\/2022\/08\/Compostaje-300x48.png 300w, https:\/\/viveromunicipal.sma.gob.ar\/wp-content\/uploads\/2022\/08\/Compostaje-1024x163.png 1024w, https:\/\/viveromunicipal.sma.gob.ar\/wp-content\/uploads\/2022\/08\/Compostaje-768x122.png 768w, https:\/\/viveromunicipal.sma.gob.ar\/wp-content\/uploads\/2022\/08\/Compostaje-1536x244.png 1536w, https:\/\/viveromunicipal.sma.gob.ar\/wp-content\/uploads\/2022\/08\/Compostaje-2048x325.png 2048w\" sizes=\"auto, (max-width: 150px) 100vw, 150px\" \/><\/figcaption><\/figure>\n\n\n\n<figure class=\"wp-block-image size-full is-style-default\"><a href=\"https:\/\/viveromunicipal.sma.gob.ar\/?page_id=227\"><img loading=\"lazy\" decoding=\"async\" width=\"775\" height=\"581\" data-id=\"235\" src=\"https:\/\/viveromunicipal.sma.gob.ar\/wp-content\/uploads\/2022\/08\/IMG_20200114_103654178.jpg\" alt=\"\" class=\"wp-image-235\" srcset=\"https:\/\/viveromunicipal.sma.gob.ar\/wp-content\/uploads\/2022\/08\/IMG_20200114_103654178.jpg 775w, https:\/\/viveromunicipal.sma.gob.ar\/wp-content\/uploads\/2022\/08\/IMG_20200114_103654178-300x225.jpg 300w, https:\/\/viveromunicipal.sma.gob.ar\/wp-content\/uploads\/2022\/08\/IMG_20200114_103654178-768x576.jpg 768w\" sizes=\"auto, (max-width: 775px) 100vw, 775px\" \/><\/a><figcaption><img loading=\"lazy\" decoding=\"async\" width=\"150\" height=\"27\" class=\"wp-image-275\" style=\"width: 150px;\" src=\"https:\/\/viveromunicipal.sma.gob.ar\/wp-content\/uploads\/2022\/08\/Siembra.png\" alt=\"\" srcset=\"https:\/\/viveromunicipal.sma.gob.ar\/wp-content\/uploads\/2022\/08\/Siembra.png 1687w, https:\/\/viveromunicipal.sma.gob.ar\/wp-content\/uploads\/2022\/08\/Siembra-300x53.png 300w, https:\/\/viveromunicipal.sma.gob.ar\/wp-content\/uploads\/2022\/08\/Siembra-1024x182.png 1024w, https:\/\/viveromunicipal.sma.gob.ar\/wp-content\/uploads\/2022\/08\/Siembra-768x137.png 768w, https:\/\/viveromunicipal.sma.gob.ar\/wp-content\/uploads\/2022\/08\/Siembra-1536x273.png 1536w\" sizes=\"auto, (max-width: 150px) 100vw, 150px\" \/><\/figcaption><\/figure>\n\n\n\n<figure class=\"wp-block-image size-large is-style-default\"><a href=\"https:\/\/viveromunicipal.sma.gob.ar\/?page_id=229\"><img loading=\"lazy\" decoding=\"async\" width=\"1024\" height=\"512\" data-id=\"233\" src=\"https:\/\/viveromunicipal.sma.gob.ar\/wp-content\/uploads\/2022\/08\/WhatsApp-Image-2019-03-14-at-10.49.35-1024x512.jpeg\" alt=\"\" class=\"wp-image-233\" srcset=\"https:\/\/viveromunicipal.sma.gob.ar\/wp-content\/uploads\/2022\/08\/WhatsApp-Image-2019-03-14-at-10.49.35-1024x512.jpeg 1024w, https:\/\/viveromunicipal.sma.gob.ar\/wp-content\/uploads\/2022\/08\/WhatsApp-Image-2019-03-14-at-10.49.35-300x150.jpeg 300w, https:\/\/viveromunicipal.sma.gob.ar\/wp-content\/uploads\/2022\/08\/WhatsApp-Image-2019-03-14-at-10.49.35-768x384.jpeg 768w, https:\/\/viveromunicipal.sma.gob.ar\/wp-content\/uploads\/2022\/08\/WhatsApp-Image-2019-03-14-at-10.49.35.jpeg 1040w\" sizes=\"auto, (max-width: 1024px) 100vw, 1024px\" \/><\/a><figcaption><img loading=\"lazy\" decoding=\"async\" width=\"150\" height=\"22\" class=\"wp-image-274\" style=\"width: 150px;\" src=\"https:\/\/viveromunicipal.sma.gob.ar\/wp-content\/uploads\/2022\/08\/Hortalizas.png\" alt=\"\" srcset=\"https:\/\/viveromunicipal.sma.gob.ar\/wp-content\/uploads\/2022\/08\/Hortalizas.png 2119w, https:\/\/viveromunicipal.sma.gob.ar\/wp-content\/uploads\/2022\/08\/Hortalizas-300x43.png 300w, https:\/\/viveromunicipal.sma.gob.ar\/wp-content\/uploads\/2022\/08\/Hortalizas-1024x147.png 1024w, https:\/\/viveromunicipal.sma.gob.ar\/wp-content\/uploads\/2022\/08\/Hortalizas-768x110.png 768w, https:\/\/viveromunicipal.sma.gob.ar\/wp-content\/uploads\/2022\/08\/Hortalizas-1536x220.png 1536w, https:\/\/viveromunicipal.sma.gob.ar\/wp-content\/uploads\/2022\/08\/Hortalizas-2048x294.png 2048w\" sizes=\"auto, (max-width: 150px) 100vw, 150px\" \/><\/figcaption><\/figure>\n<\/figure>\n","protected":false},"excerpt":{"rendered":"<p>El vivero Abono Compuesto es un espacio educativo pr\u00e1ctico, inclusivo, recreativo y t\u00e9cnico que busca transmitir a la comunidad los conocimientos necesarios para poder llevar a cabo la construcci\u00f3n de su propio espacio de producci\u00f3n primaria de hortalizas org\u00e1nicas.<\/p>\n","protected":false},"author":1,"featured_media":0,"parent":102,"menu_order":2,"comment_status":"closed","ping_status":"closed","template":"","meta":{"footnotes":""},"class_list":["post-60","page","type-page","status-publish","hentry"],"_links":{"self":[{"href":"https:\/\/viveromunicipal.sma.gob.ar\/index.php?rest_route=\/wp\/v2\/pages\/60","targetHints":{"allow":["GET"]}}],"collection":[{"href":"https:\/\/viveromunicipal.sma.gob.ar\/index.php?rest_route=\/wp\/v2\/pages"}],"about":[{"href":"https:\/\/viveromunicipal.sma.gob.ar\/index.php?rest_route=\/wp\/v2\/types\/page"}],"author":[{"embeddable":true,"href":"https:\/\/viveromunicipal.sma.gob.ar\/index.php?rest_route=\/wp\/v2\/users\/1"}],"replies":[{"embeddable":true,"href":"https:\/\/viveromunicipal.sma.gob.ar\/index.php?rest_route=%2Fwp%2Fv2%2Fcomments&post=60"}],"version-history":[{"count":28,"href":"https:\/\/viveromunicipal.sma.gob.ar\/index.php?rest_route=\/wp\/v2\/pages\/60\/revisions"}],"predecessor-version":[{"id":364,"href":"https:\/\/viveromunicipal.sma.gob.ar\/index.php?rest_route=\/wp\/v2\/pages\/60\/revisions\/364"}],"up":[{"embeddable":true,"href":"https:\/\/viveromunicipal.sma.gob.ar\/index.php?rest_route=\/wp\/v2\/pages\/102"}],"wp:attachment":[{"href":"https:\/\/viveromunicipal.sma.gob.ar\/index.php?rest_route=%2Fwp%2Fv2%2Fmedia&parent=60"}],"curies":[{"name":"wp","href":"https:\/\/api.w.org\/{rel}","templated":true}]}}