{"id":59,"date":"2022-08-03T12:32:41","date_gmt":"2022-08-03T12:32:41","guid":{"rendered":"https:\/\/viveromunicipal.sma.gob.ar\/?page_id=59"},"modified":"2022-08-10T09:29:37","modified_gmt":"2022-08-10T12:29:37","slug":"experiencias","status":"publish","type":"page","link":"https:\/\/viveromunicipal.sma.gob.ar\/?page_id=59","title":{"rendered":"Experiencias"},"content":{"rendered":"\n<p>A lo largo de estos a\u00f1os, desde este sector se ha podido compartir, vivenciar y revalorizar el conocimiento ancestral de la poblaci\u00f3n local, tanto del \u00e1rea urbana, periurbana y rural.<\/p>\n\n\n\n<p>Entendiendo que somos parte de los diferentes actores sociales en el territorio y en la construcci\u00f3n del conocimiento colectivo. Sabiendo que conocer el espacio en el que vivimos, nos dar\u00e1n las herramientas necesarias para preparar el alimento, para nuestro propio ALIMENTO.&nbsp;<\/p>\n\n\n\n<p>A continuaci\u00f3n les compartimos en im\u00e1genes, los numerosos encuentros en el territorio.&nbsp; Actividad que nos convoca a\u00f1o tras a\u00f1o.<\/p>\n\n\n\n<p>(fotos de las jornadas de armado de invernaderos o visitas t\u00e9cnicas a productores).<\/p>\n","protected":false},"excerpt":{"rendered":"<p>A lo largo de estos a\u00f1os, desde este sector se ha podido compartir, vivenciar y revalorizar el conocimiento ancestral de la poblaci\u00f3n local, tanto del \u00e1rea urbana, periurbana y rural. Entendiendo que somos parte de los diferentes actores sociales en el territorio y en la construcci\u00f3n del conocimiento colectivo. Sabiendo [&hellip;]<\/p>\n","protected":false},"author":1,"featured_media":0,"parent":102,"menu_order":1,"comment_status":"closed","ping_status":"closed","template":"","meta":{"footnotes":""},"class_list":["post-59","page","type-page","status-publish","hentry"],"_links":{"self":[{"href":"https:\/\/viveromunicipal.sma.gob.ar\/index.php?rest_route=\/wp\/v2\/pages\/59","targetHints":{"allow":["GET"]}}],"collection":[{"href":"https:\/\/viveromunicipal.sma.gob.ar\/index.php?rest_route=\/wp\/v2\/pages"}],"about":[{"href":"https:\/\/viveromunicipal.sma.gob.ar\/index.php?rest_route=\/wp\/v2\/types\/page"}],"author":[{"embeddable":true,"href":"https:\/\/viveromunicipal.sma.gob.ar\/index.php?rest_route=\/wp\/v2\/users\/1"}],"replies":[{"embeddable":true,"href":"https:\/\/viveromunicipal.sma.gob.ar\/index.php?rest_route=%2Fwp%2Fv2%2Fcomments&post=59"}],"version-history":[{"count":4,"href":"https:\/\/viveromunicipal.sma.gob.ar\/index.php?rest_route=\/wp\/v2\/pages\/59\/revisions"}],"predecessor-version":[{"id":357,"href":"https:\/\/viveromunicipal.sma.gob.ar\/index.php?rest_route=\/wp\/v2\/pages\/59\/revisions\/357"}],"up":[{"embeddable":true,"href":"https:\/\/viveromunicipal.sma.gob.ar\/index.php?rest_route=\/wp\/v2\/pages\/102"}],"wp:attachment":[{"href":"https:\/\/viveromunicipal.sma.gob.ar\/index.php?rest_route=%2Fwp%2Fv2%2Fmedia&parent=59"}],"curies":[{"name":"wp","href":"https:\/\/api.w.org\/{rel}","templated":true}]}}