{"id":227,"date":"2022-08-04T08:12:10","date_gmt":"2022-08-04T11:12:10","guid":{"rendered":"https:\/\/viveromunicipal.sma.gob.ar\/?page_id=227"},"modified":"2022-08-10T09:33:31","modified_gmt":"2022-08-10T12:33:31","slug":"siembra","status":"publish","type":"page","link":"https:\/\/viveromunicipal.sma.gob.ar\/?page_id=227","title":{"rendered":"Siembra"},"content":{"rendered":"\n<p>En este caso, invitamos a todo aquel que quiera aprender a c\u00f3mo realizar la siembra.&nbsp;<\/p>\n\n\n\n<p>En qu\u00e9 momento se hace, qu\u00e9 consideraciones hay que tener en cuenta, tipos de siembra, calendarios orientativos, preparaci\u00f3n de alm\u00e1cigos, cuidados necesarios y sobre todo aprender de las estaciones del a\u00f1o.&nbsp;<\/p>\n\n\n\n<p>Aqu\u00ed las actividades van a estar estrechamente vinculadas al proceso de compostaje. Que nos propicia la fuente de alimentaci\u00f3n vegetal.&nbsp;<\/p>\n\n\n\n<p>Nuestro acopio y reserva de las propias semillas (banco de semillas), ser\u00e1n de gran importancia debido a la adaptabilidad de las plantas a la zona, regi\u00f3n, entorno, etc.&nbsp;<\/p>\n\n\n\n<p>El tratamiento org\u00e1nico de pat\u00f3genos, mediante la elaboraci\u00f3n de preparados naturales y org\u00e1nicos, siendo de vital importancia a la hora de consumir un alimento sano y libre de agroqu\u00edmicos.&nbsp;<\/p>\n\n\n\n<p>Asociaci\u00f3n y rotaci\u00f3n de las verduras, aqu\u00ed se har\u00e1 uso racional de los nutrientes disponibles en el suelo, como reponer y reconstruirlos. Como hacer uso \u00f3ptimo del espacio, asociando hortalizas que ocupan mayor&nbsp; superficie del suelo hacia abajo (las de ra\u00edz), con otras que lo hacen&nbsp; hacia arriba (las de hojas).&nbsp;<\/p>\n\n\n\n<p>En el caso de la rotaci\u00f3n, ser\u00e1 necesario estar atento a que de una temporada a la otra, no se vuelva a hacer siembra o trasplante de una misma variedad, en un mismo sitio o lugar.<\/p>\n","protected":false},"excerpt":{"rendered":"<p>En este caso, invitamos a todo aquel que quiera aprender a c\u00f3mo realizar la siembra.&nbsp; En qu\u00e9 momento se hace, qu\u00e9 consideraciones hay que tener en cuenta, tipos de siembra, calendarios orientativos, preparaci\u00f3n de alm\u00e1cigos, cuidados necesarios y sobre todo aprender de las estaciones del a\u00f1o.&nbsp; Aqu\u00ed las actividades van [&hellip;]<\/p>\n","protected":false},"author":1,"featured_media":0,"parent":60,"menu_order":3,"comment_status":"closed","ping_status":"closed","template":"","meta":{"footnotes":""},"class_list":["post-227","page","type-page","status-publish","hentry"],"_links":{"self":[{"href":"https:\/\/viveromunicipal.sma.gob.ar\/index.php?rest_route=\/wp\/v2\/pages\/227","targetHints":{"allow":["GET"]}}],"collection":[{"href":"https:\/\/viveromunicipal.sma.gob.ar\/index.php?rest_route=\/wp\/v2\/pages"}],"about":[{"href":"https:\/\/viveromunicipal.sma.gob.ar\/index.php?rest_route=\/wp\/v2\/types\/page"}],"author":[{"embeddable":true,"href":"https:\/\/viveromunicipal.sma.gob.ar\/index.php?rest_route=\/wp\/v2\/users\/1"}],"replies":[{"embeddable":true,"href":"https:\/\/viveromunicipal.sma.gob.ar\/index.php?rest_route=%2Fwp%2Fv2%2Fcomments&post=227"}],"version-history":[{"count":3,"href":"https:\/\/viveromunicipal.sma.gob.ar\/index.php?rest_route=\/wp\/v2\/pages\/227\/revisions"}],"predecessor-version":[{"id":362,"href":"https:\/\/viveromunicipal.sma.gob.ar\/index.php?rest_route=\/wp\/v2\/pages\/227\/revisions\/362"}],"up":[{"embeddable":true,"href":"https:\/\/viveromunicipal.sma.gob.ar\/index.php?rest_route=\/wp\/v2\/pages\/60"}],"wp:attachment":[{"href":"https:\/\/viveromunicipal.sma.gob.ar\/index.php?rest_route=%2Fwp%2Fv2%2Fmedia&parent=227"}],"curies":[{"name":"wp","href":"https:\/\/api.w.org\/{rel}","templated":true}]}}