{"id":225,"date":"2022-08-04T08:11:54","date_gmt":"2022-08-04T11:11:54","guid":{"rendered":"https:\/\/viveromunicipal.sma.gob.ar\/?page_id=225"},"modified":"2022-08-10T09:33:10","modified_gmt":"2022-08-10T12:33:10","slug":"compostaje","status":"publish","type":"page","link":"https:\/\/viveromunicipal.sma.gob.ar\/?page_id=225","title":{"rendered":"Compostaje"},"content":{"rendered":"\n<p>Aqu\u00ed es donde apuntamos a generar el h\u00e1bito de la separaci\u00f3n en origen de los <strong>restos org\u00e1nicos<\/strong> del hogar. Es decir que pueda existir dentro de cada cocina, un recipiente exclusivamente designado para acopio y almacenamiento de dicho material. Este primer paso es fundamental, m\u00e1s a\u00fan, si lo practica toda la familia.&nbsp;<\/p>\n\n\n\n<p>En segunda instancia, se designar\u00e1 un espacio para la instalaci\u00f3n o colocaci\u00f3n de una compostera.&nbsp;<\/p>\n\n\n\n<p>La misma puede ser pensada en base a la cantidad de restos org\u00e1nicos que se generen en el hogar. Proponemos, que estructuralmente sean de tipo caj\u00f3n. Estas mismas son las que usamos en el vivero, donde se han podido obtener muy buenos resultados.&nbsp;<\/p>\n\n\n\n<p>Compartimos las experiencias con los vecinos que se han encargado de hacer la separaci\u00f3n, pero al no contar con espacio para compostarlos, se acercan al vivero y a modo de intercambio se llevan tierra abonada o alg\u00fan plantin de hortaliza a elecci\u00f3n.&nbsp;<\/p>\n\n\n\n<p>(adjuntar im\u00e1genes de las partes y el proceso de compostaje).<\/p>\n","protected":false},"excerpt":{"rendered":"<p>Aqu\u00ed es donde apuntamos a generar el h\u00e1bito de la separaci\u00f3n en origen de los restos org\u00e1nicos del hogar. Es decir que pueda existir dentro de cada cocina, un recipiente exclusivamente designado para acopio y almacenamiento de dicho material. Este primer paso es fundamental, m\u00e1s a\u00fan, si lo practica toda [&hellip;]<\/p>\n","protected":false},"author":1,"featured_media":0,"parent":60,"menu_order":2,"comment_status":"closed","ping_status":"closed","template":"","meta":{"footnotes":""},"class_list":["post-225","page","type-page","status-publish","hentry"],"_links":{"self":[{"href":"https:\/\/viveromunicipal.sma.gob.ar\/index.php?rest_route=\/wp\/v2\/pages\/225","targetHints":{"allow":["GET"]}}],"collection":[{"href":"https:\/\/viveromunicipal.sma.gob.ar\/index.php?rest_route=\/wp\/v2\/pages"}],"about":[{"href":"https:\/\/viveromunicipal.sma.gob.ar\/index.php?rest_route=\/wp\/v2\/types\/page"}],"author":[{"embeddable":true,"href":"https:\/\/viveromunicipal.sma.gob.ar\/index.php?rest_route=\/wp\/v2\/users\/1"}],"replies":[{"embeddable":true,"href":"https:\/\/viveromunicipal.sma.gob.ar\/index.php?rest_route=%2Fwp%2Fv2%2Fcomments&post=225"}],"version-history":[{"count":3,"href":"https:\/\/viveromunicipal.sma.gob.ar\/index.php?rest_route=\/wp\/v2\/pages\/225\/revisions"}],"predecessor-version":[{"id":361,"href":"https:\/\/viveromunicipal.sma.gob.ar\/index.php?rest_route=\/wp\/v2\/pages\/225\/revisions\/361"}],"up":[{"embeddable":true,"href":"https:\/\/viveromunicipal.sma.gob.ar\/index.php?rest_route=\/wp\/v2\/pages\/60"}],"wp:attachment":[{"href":"https:\/\/viveromunicipal.sma.gob.ar\/index.php?rest_route=%2Fwp%2Fv2%2Fmedia&parent=225"}],"curies":[{"name":"wp","href":"https:\/\/api.w.org\/{rel}","templated":true}]}}