{"id":223,"date":"2022-08-04T08:11:36","date_gmt":"2022-08-04T11:11:36","guid":{"rendered":"https:\/\/viveromunicipal.sma.gob.ar\/?page_id=223"},"modified":"2022-08-10T09:32:48","modified_gmt":"2022-08-10T12:32:48","slug":"banco-de-semillas","status":"publish","type":"page","link":"https:\/\/viveromunicipal.sma.gob.ar\/?page_id=223","title":{"rendered":"Banco de Semillas"},"content":{"rendered":"\n<p>Como lo es el Compost, las semillas tambi\u00e9n forman parte de la columna vertebral del vivero.&nbsp;<\/p>\n\n\n\n<p>Nuestros ancestros almacenaron semillas por milenios, siendo parte fundamental de la ocupaci\u00f3n diaria de cada persona. Esta pr\u00e1ctica, tan sencilla, pero compleja a la vez, nos demuestra que es la punta del hilo de lo que actualmente llamamos Soberan\u00eda Alimentaria.&nbsp;<\/p>\n\n\n\n<p>Directa o indirectamente se hace una selecci\u00f3n y adaptaci\u00f3n gen\u00e9tica de los cultivos. Es decir, que biol\u00f3gicamente la semilla tiene la enorme capacidad de guardar informaci\u00f3n, funcionar como un chip natural. Absorbiendo las horas de luz, temperatura, humedad, altitud, heladas, fen\u00f3menos clim\u00e1ticos, etc. Sin lugar a dudas el m\u00e1s valioso vestigio que cada planta nos brinda a la hora de cumplir con su ciclo natural.&nbsp;<\/p>\n\n\n\n<p>Los Bancos de Intercambio de Semillas &nbsp; y las Ferias de Intercambio de Semillas y Plantines son espacios pensados para conservar y facilitar el acceso a las semillas a los productores locales, en forma libre y gratuita. Nutri\u00e9ndose de las propias semillas que los productores les aportan y retiran del mismo.&nbsp; Son una forma de promover y preservar&nbsp; la biodiversidad de las especies y variedades locales cultivadas, y las pr\u00e1cticas culturales asociadas. Adem\u00e1s busca disminuir la dependencia de insumos externos.<\/p>\n\n\n\n<p>La idea de banco de semillas se viene trabajando mancomunadamente con varios actores sociales e instituciones, que entienden que volver a esta pr\u00e1ctica es pensar a corto, mediano y largo plazo.\u00a0<\/p>\n\n\n\n<p>Actualmente en la localidad de San Mart\u00edn de los Andes, existen 2 bancos de semillas en funcionamiento. (sumar la localizaci\u00f3n de la Agencia de extensi\u00f3n Rural INTA).<\/p>\n","protected":false},"excerpt":{"rendered":"<p>Como lo es el Compost, las semillas tambi\u00e9n forman parte de la columna vertebral del vivero.&nbsp; Nuestros ancestros almacenaron semillas por milenios, siendo parte fundamental de la ocupaci\u00f3n diaria de cada persona. Esta pr\u00e1ctica, tan sencilla, pero compleja a la vez, nos demuestra que es la punta del hilo de [&hellip;]<\/p>\n","protected":false},"author":1,"featured_media":0,"parent":60,"menu_order":1,"comment_status":"closed","ping_status":"closed","template":"","meta":{"footnotes":""},"class_list":["post-223","page","type-page","status-publish","hentry"],"_links":{"self":[{"href":"https:\/\/viveromunicipal.sma.gob.ar\/index.php?rest_route=\/wp\/v2\/pages\/223","targetHints":{"allow":["GET"]}}],"collection":[{"href":"https:\/\/viveromunicipal.sma.gob.ar\/index.php?rest_route=\/wp\/v2\/pages"}],"about":[{"href":"https:\/\/viveromunicipal.sma.gob.ar\/index.php?rest_route=\/wp\/v2\/types\/page"}],"author":[{"embeddable":true,"href":"https:\/\/viveromunicipal.sma.gob.ar\/index.php?rest_route=\/wp\/v2\/users\/1"}],"replies":[{"embeddable":true,"href":"https:\/\/viveromunicipal.sma.gob.ar\/index.php?rest_route=%2Fwp%2Fv2%2Fcomments&post=223"}],"version-history":[{"count":3,"href":"https:\/\/viveromunicipal.sma.gob.ar\/index.php?rest_route=\/wp\/v2\/pages\/223\/revisions"}],"predecessor-version":[{"id":360,"href":"https:\/\/viveromunicipal.sma.gob.ar\/index.php?rest_route=\/wp\/v2\/pages\/223\/revisions\/360"}],"up":[{"embeddable":true,"href":"https:\/\/viveromunicipal.sma.gob.ar\/index.php?rest_route=\/wp\/v2\/pages\/60"}],"wp:attachment":[{"href":"https:\/\/viveromunicipal.sma.gob.ar\/index.php?rest_route=%2Fwp%2Fv2%2Fmedia&parent=223"}],"curies":[{"name":"wp","href":"https:\/\/api.w.org\/{rel}","templated":true}]}}