{"id":221,"date":"2022-08-04T08:11:16","date_gmt":"2022-08-04T11:11:16","guid":{"rendered":"https:\/\/viveromunicipal.sma.gob.ar\/?page_id=221"},"modified":"2022-08-10T09:31:53","modified_gmt":"2022-08-10T12:31:53","slug":"talleres","status":"publish","type":"page","link":"https:\/\/viveromunicipal.sma.gob.ar\/?page_id=221","title":{"rendered":"Talleres"},"content":{"rendered":"\n<p>La modalidad de los talleres han sido <strong>Pr\u00e1cticos<\/strong>, con acompa\u00f1amiento de material Te\u00f3rico orientativo. Sostenemos que la pr\u00e1ctica hace al huertero y que la pizarra es en realidad el propio cantero, el acercamiento a la observaci\u00f3n en detalle de los diferentes procesos, teniendo como disparadores\u2026..\u00bfpor qu\u00e9? \u00bf para que ? \u00bfc\u00f3mo? En base a todas las dudas que van surgiendo, tambi\u00e9n se van abordando las diferentes tem\u00e1ticas. Revalorizando el conocimiento previo de cada participante y construyendo as\u00ed criterios que nos ayudar\u00e1n a sobrellevar las diferentes tareas en la Huerta.&nbsp;<\/p>\n\n\n\n<p>Por otra parte, se han sumado profesionales id\u00f3neos en tem\u00e1ticas como:<\/p>\n\n\n\n<p>Zoonosis: Charlas informativas a cargo de veterinarios, referidas al cuidado de las mascotas en el espacio de huerta. Consideraciones y recomendaciones respecto a la Hidatidosis.&nbsp;<\/p>\n\n\n\n<p>Nutrici\u00f3n: Conocer el origen de la alimentaci\u00f3n sana y saludable. La importancia de la huerta en la familia como producci\u00f3n de alimento.<\/p>\n\n\n\n<p>Fitocosm\u00e9tica: Utilizaci\u00f3n de plantas medicinales y curativas para la elaboraci\u00f3n de ung\u00fcentos, jabones, cremas etc. Entendiendo la preponderancia de contar con variedades de plantas que se incluyan dentro de un calendario huertero.&nbsp;<\/p>\n\n\n\n<p>Cocina saludable: A cargo de cocineras que elaboran platos a ni\u00f1os de 1 a 3 a\u00f1os en&nbsp; Centros de Desarrollo Infantil.&nbsp; Elaborando recetas f\u00e1ciles y pr\u00e1cticas, incluyendo verduras de la propia huerta.<\/p>\n","protected":false},"excerpt":{"rendered":"<p>La modalidad de los talleres han sido Pr\u00e1cticos, con acompa\u00f1amiento de material Te\u00f3rico orientativo. Sostenemos que la pr\u00e1ctica hace al huertero y que la pizarra es en realidad el propio cantero, el acercamiento a la observaci\u00f3n en detalle de los diferentes procesos, teniendo como disparadores\u2026..\u00bfpor qu\u00e9? \u00bf para que ? [&hellip;]<\/p>\n","protected":false},"author":1,"featured_media":0,"parent":60,"menu_order":0,"comment_status":"closed","ping_status":"closed","template":"","meta":{"footnotes":""},"class_list":["post-221","page","type-page","status-publish","hentry"],"_links":{"self":[{"href":"https:\/\/viveromunicipal.sma.gob.ar\/index.php?rest_route=\/wp\/v2\/pages\/221","targetHints":{"allow":["GET"]}}],"collection":[{"href":"https:\/\/viveromunicipal.sma.gob.ar\/index.php?rest_route=\/wp\/v2\/pages"}],"about":[{"href":"https:\/\/viveromunicipal.sma.gob.ar\/index.php?rest_route=\/wp\/v2\/types\/page"}],"author":[{"embeddable":true,"href":"https:\/\/viveromunicipal.sma.gob.ar\/index.php?rest_route=\/wp\/v2\/users\/1"}],"replies":[{"embeddable":true,"href":"https:\/\/viveromunicipal.sma.gob.ar\/index.php?rest_route=%2Fwp%2Fv2%2Fcomments&post=221"}],"version-history":[{"count":3,"href":"https:\/\/viveromunicipal.sma.gob.ar\/index.php?rest_route=\/wp\/v2\/pages\/221\/revisions"}],"predecessor-version":[{"id":359,"href":"https:\/\/viveromunicipal.sma.gob.ar\/index.php?rest_route=\/wp\/v2\/pages\/221\/revisions\/359"}],"up":[{"embeddable":true,"href":"https:\/\/viveromunicipal.sma.gob.ar\/index.php?rest_route=\/wp\/v2\/pages\/60"}],"wp:attachment":[{"href":"https:\/\/viveromunicipal.sma.gob.ar\/index.php?rest_route=%2Fwp%2Fv2%2Fmedia&parent=221"}],"curies":[{"name":"wp","href":"https:\/\/api.w.org\/{rel}","templated":true}]}}